{"id":2980,"date":"2021-01-28T14:47:44","date_gmt":"2021-01-28T14:47:44","guid":{"rendered":"https:\/\/hispa2021.event.miross.rs\/?page_id=2980"},"modified":"2021-01-28T16:51:41","modified_gmt":"2021-01-28T16:51:41","slug":"welcome-note","status":"publish","type":"page","link":"https:\/\/hispa2021.event.miross.rs\/en\/welcome-note\/","title":{"rendered":"WELCOME NOTE"},"content":{"rendered":"<div data-elementor-type=\"wp-page\" data-elementor-id=\"2980\" class=\"elementor elementor-2980\">\n\t\t\t\t\t\t<div class=\"elementor-inner\">\n\t\t\t\t<div class=\"elementor-section-wrap\">\n\t\t\t\t\t\t\t\t\t<section class=\"elementor-section elementor-top-section elementor-element elementor-element-1caf4c elementor-section-boxed elementor-section-height-default elementor-section-height-default\" data-id=\"1caf4c\" data-element_type=\"section\">\n\t\t\t\t\t\t<div class=\"elementor-container elementor-column-gap-default\">\n\t\t\t\t\t\t\t<div class=\"elementor-row\">\n\t\t\t\t\t<div class=\"elementor-column elementor-col-100 elementor-top-column elementor-element elementor-element-52b23e91\" data-id=\"52b23e91\" data-element_type=\"column\">\n\t\t\t<div class=\"elementor-column-wrap elementor-element-populated\">\n\t\t\t\t\t\t\t<div class=\"elementor-widget-wrap\">\n\t\t\t\t\t\t<div class=\"elementor-element elementor-element-7f2e0f7e elementor-widget elementor-widget-spacer\" data-id=\"7f2e0f7e\" data-element_type=\"widget\" data-widget_type=\"spacer.default\">\n\t\t\t\t<div class=\"elementor-widget-container\">\n\t\t\t\t\t<div class=\"elementor-spacer\">\n\t\t\t<div class=\"elementor-spacer-inner\"><\/div>\n\t\t<\/div>\n\t\t\t\t<\/div>\n\t\t\t\t<\/div>\n\t\t\t\t\t\t<\/div>\n\t\t\t\t\t<\/div>\n\t\t<\/div>\n\t\t\t\t\t\t\t\t<\/div>\n\t\t\t\t\t<\/div>\n\t\t<\/section>\n\t\t\t\t<section class=\"elementor-section elementor-top-section elementor-element elementor-element-3c9cf14f elementor-section-boxed elementor-section-height-default elementor-section-height-default\" data-id=\"3c9cf14f\" data-element_type=\"section\" data-settings=\"{&quot;background_background&quot;:&quot;classic&quot;}\">\n\t\t\t\t\t\t<div class=\"elementor-container elementor-column-gap-default\">\n\t\t\t\t\t\t\t<div class=\"elementor-row\">\n\t\t\t\t\t<div class=\"elementor-column elementor-col-100 elementor-top-column elementor-element elementor-element-269fe953\" data-id=\"269fe953\" data-element_type=\"column\">\n\t\t\t<div class=\"elementor-column-wrap elementor-element-populated\">\n\t\t\t\t\t\t\t<div class=\"elementor-widget-wrap\">\n\t\t\t\t\t\t<div class=\"elementor-element elementor-element-9a9ab2f elementor-widget elementor-widget-heading\" data-id=\"9a9ab2f\" data-element_type=\"widget\" data-widget_type=\"heading.default\">\n\t\t\t\t<div class=\"elementor-widget-container\">\n\t\t\t<h6 class=\"elementor-heading-title elementor-size-default\">WELCOME NOTE <\/h6>\t\t<\/div>\n\t\t\t\t<\/div>\n\t\t\t\t\t\t<\/div>\n\t\t\t\t\t<\/div>\n\t\t<\/div>\n\t\t\t\t\t\t\t\t<\/div>\n\t\t\t\t\t<\/div>\n\t\t<\/section>\n\t\t\t\t<section class=\"elementor-section elementor-top-section elementor-element elementor-element-41e1cd0 elementor-section-boxed elementor-section-height-default elementor-section-height-default\" data-id=\"41e1cd0\" data-element_type=\"section\">\n\t\t\t\t\t\t<div class=\"elementor-container elementor-column-gap-default\">\n\t\t\t\t\t\t\t<div class=\"elementor-row\">\n\t\t\t\t\t<div class=\"elementor-column elementor-col-100 elementor-top-column elementor-element elementor-element-26861229\" data-id=\"26861229\" data-element_type=\"column\">\n\t\t\t<div class=\"elementor-column-wrap elementor-element-populated\">\n\t\t\t\t\t\t\t<div class=\"elementor-widget-wrap\">\n\t\t\t\t\t\t<div class=\"elementor-element elementor-element-62b556e5 elementor-widget elementor-widget-spacer\" data-id=\"62b556e5\" data-element_type=\"widget\" data-widget_type=\"spacer.default\">\n\t\t\t\t<div class=\"elementor-widget-container\">\n\t\t\t\t\t<div class=\"elementor-spacer\">\n\t\t\t<div class=\"elementor-spacer-inner\"><\/div>\n\t\t<\/div>\n\t\t\t\t<\/div>\n\t\t\t\t<\/div>\n\t\t\t\t\t\t<\/div>\n\t\t\t\t\t<\/div>\n\t\t<\/div>\n\t\t\t\t\t\t\t\t<\/div>\n\t\t\t\t\t<\/div>\n\t\t<\/section>\n\t\t\t\t<section class=\"elementor-section elementor-top-section elementor-element elementor-element-12ebdd1a elementor-section-boxed elementor-section-height-default elementor-section-height-default\" data-id=\"12ebdd1a\" data-element_type=\"section\">\n\t\t\t\t\t\t<div class=\"elementor-container elementor-column-gap-default\">\n\t\t\t\t\t\t\t<div class=\"elementor-row\">\n\t\t\t\t\t<div class=\"elementor-column elementor-col-100 elementor-top-column elementor-element elementor-element-7b8b4832\" data-id=\"7b8b4832\" data-element_type=\"column\">\n\t\t\t<div class=\"elementor-column-wrap elementor-element-populated\">\n\t\t\t\t\t\t\t<div class=\"elementor-widget-wrap\">\n\t\t\t\t\t\t<div class=\"elementor-element elementor-element-ff7aa4c eael-infobox-content-align-left eael-infobox-shape-square eael-infobox-hover-img-shape-square elementor-widget elementor-widget-eael-info-box\" data-id=\"ff7aa4c\" data-element_type=\"widget\" data-widget_type=\"eael-info-box.default\">\n\t\t\t\t<div class=\"elementor-widget-container\">\n\t\t\t                    <div class=\"eael-infobox\">\n                    <div class=\"infobox-icon\">\n\n                            <img src=\"\" alt=\"\">\n            \n            \n            \n        <\/div>\n            <div class=\"infobox-content\">\n                            <h3 class=\"title\">Welcome<\/h3>\n                                                                        <p><p>Dear colleagues,<\/p><p>On behalf of the Organizing Committee, I have the immense pleasure that for the third time we welcome You to the joint congress of the Association of Centers for Hypertension, Prevention of Heart Attacks and Strokes - HISPA and the International Association for Vascular Health-ISVH in Belgrade.<br \/><br \/>Last 5 years Congress has profiled itself as not only a regional but also a window into all European expert and scientific aspects of cardiovascular and cerebrovascular prevention.<br \/><br \/>Unfortunately, the corona pandemic, which towered over the already existing pandemic of cardiovascular diseases like a black cloud, this year as well as last year, prevented the congress from playing its perhaps most important role in addition to the exchange of scientific information. It is a socializing and direct exchange of professional and scientific information that can never be adequately replaced by webinars and online conferences.<br \/><br \/>Still, this year we have the great honor to host and present significant number of international experts in the field of preservation of vascular health, stroke prevention, stroke and heart failure through the session of HISPA  and our \"partner\" organizations. <br \/><br \/>HISPA today celebrates more than 6 years of successfull work with the 7 member countries, more than 90 centers, more than 2,500 members and patients with healthy and long life. <br \/><br \/>We especially thank the sponsors of the Congress for their sincere support in organizing and preparing the Congress. <br \/><br \/>Thank you for your participation HISPA successfully build a joint program of cardiovascular risk reduction and prevention of heart attack and stroke<\/p><p>Welcome to Serbia  to the HISPA family! <br \/>Kind regards,<\/p><\/p>\n                                                                            <\/div>\n    <\/div>\t\t<\/div>\n\t\t\t\t<\/div>\n\t\t\t\t<div class=\"elementor-element elementor-element-45e5677 eael-infobox-content-align-left eael-infobox-shape-square eael-infobox-hover-img-shape-square elementor-widget elementor-widget-eael-info-box\" data-id=\"45e5677\" data-element_type=\"widget\" data-widget_type=\"eael-info-box.default\">\n\t\t\t\t<div class=\"elementor-widget-container\">\n\t\t\t                    <div class=\"eael-infobox\">\n                    <div class=\"infobox-icon\">\n\n                            <img src=\"https:\/\/hispa2021.event.miross.rs\/wp-content\/uploads\/2021\/01\/Potpis.jpg\" alt=\"\">\n            \n            \n            \n        <\/div>\n            <div class=\"infobox-content\">\n                            <h4 class=\"title\">Prof. Dr. Neboj\u0161a Tasi\u0107<\/h4>\n                                                                        <p><p>Chairman of the Organizing Committee<br \/>President of HISPA<br \/>President of ISVH<\/p><\/p>\n                                                                            <\/div>\n    <\/div>\t\t<\/div>\n\t\t\t\t<\/div>\n\t\t\t\t<div class=\"elementor-element elementor-element-e48b153 elementor-widget elementor-widget-image\" data-id=\"e48b153\" data-element_type=\"widget\" data-widget_type=\"image.default\">\n\t\t\t\t<div class=\"elementor-widget-container\">\n\t\t\t\t\t\t\t\t<div class=\"elementor-image\">\n\t\t\t\t\t\t\t\t\t\t\t\t<img width=\"246\" height=\"205\" src=\"https:\/\/hispa2021.event.miross.rs\/wp-content\/uploads\/2021\/01\/Nebojsa-Tasic.jpg\" class=\"attachment-large size-large\" alt=\"\" loading=\"lazy\" srcset=\"https:\/\/hispa2021.event.miross.rs\/wp-content\/uploads\/2021\/01\/Nebojsa-Tasic.jpg 246w, https:\/\/hispa2021.event.miross.rs\/wp-content\/uploads\/2021\/01\/Nebojsa-Tasic-14x12.jpg 14w\" sizes=\"(max-width: 246px) 100vw, 246px\" \/>\t\t\t\t\t\t\t\t\t\t\t\t\t\t<\/div>\n\t\t\t\t\t\t<\/div>\n\t\t\t\t<\/div>\n\t\t\t\t<div class=\"elementor-element elementor-element-52b2224d elementor-widget-divider--view-line elementor-widget elementor-widget-divider\" data-id=\"52b2224d\" data-element_type=\"widget\" data-widget_type=\"divider.default\">\n\t\t\t\t<div class=\"elementor-widget-container\">\n\t\t\t\t\t<div class=\"elementor-divider\">\n\t\t\t<span class=\"elementor-divider-separator\">\n\t\t\t\t\t\t<\/span>\n\t\t<\/div>\n\t\t\t\t<\/div>\n\t\t\t\t<\/div>\n\t\t\t\t\t\t<\/div>\n\t\t\t\t\t<\/div>\n\t\t<\/div>\n\t\t\t\t\t\t\t\t<\/div>\n\t\t\t\t\t<\/div>\n\t\t<\/section>\n\t\t\t\t<section class=\"elementor-section elementor-top-section elementor-element elementor-element-71b75764 elementor-section-boxed elementor-section-height-default elementor-section-height-default\" data-id=\"71b75764\" data-element_type=\"section\">\n\t\t\t\t\t\t<div class=\"elementor-container elementor-column-gap-default\">\n\t\t\t\t\t\t\t<div class=\"elementor-row\">\n\t\t\t\t\t<div class=\"elementor-column elementor-col-100 elementor-top-column elementor-element elementor-element-53441e46\" data-id=\"53441e46\" data-element_type=\"column\">\n\t\t\t<div class=\"elementor-column-wrap elementor-element-populated\">\n\t\t\t\t\t\t\t<div class=\"elementor-widget-wrap\">\n\t\t\t\t\t\t<div class=\"elementor-element elementor-element-13328924 elementor-widget elementor-widget-spacer\" data-id=\"13328924\" data-element_type=\"widget\" data-widget_type=\"spacer.default\">\n\t\t\t\t<div class=\"elementor-widget-container\">\n\t\t\t\t\t<div class=\"elementor-spacer\">\n\t\t\t<div class=\"elementor-spacer-inner\"><\/div>\n\t\t<\/div>\n\t\t\t\t<\/div>\n\t\t\t\t<\/div>\n\t\t\t\t\t\t<\/div>\n\t\t\t\t\t<\/div>\n\t\t<\/div>\n\t\t\t\t\t\t\t\t<\/div>\n\t\t\t\t\t<\/div>\n\t\t<\/section>\n\t\t\t\t\t\t\t\t\t<\/div>\n\t\t\t<\/div>\n\t\t\t\t\t<\/div>","protected":false},"excerpt":{"rendered":"<p>PISMO DOBRODO\u0160LICE Dobrodo\u0161li Drage kolege, U ime Organizacionog komiteta, imam neizmerno zadovoljstvo da Vam po tre\u0107i put po\u017eelim dobrodo\u0161licu na zajedni\u010dki kongres Udru\u017eenja Centara za Hipertenziju, Prevenciju Infarkta i \u0160loga &#8211; HISPA i Me\u0111unarodnog Udru\u017eenja za Vaskularno Zdravlje-ISVH u Beogradu. Poslednjih 5 godina Kongres se profilisao kao ne samo regionalni ve\u0107 i evropski prozor u [&hellip;]<\/p>","protected":false},"author":3,"featured_media":0,"parent":0,"menu_order":0,"comment_status":"closed","ping_status":"closed","template":"elementor_canvas","meta":[],"_links":{"self":[{"href":"https:\/\/hispa2021.event.miross.rs\/en\/wp-json\/wp\/v2\/pages\/2980"}],"collection":[{"href":"https:\/\/hispa2021.event.miross.rs\/en\/wp-json\/wp\/v2\/pages"}],"about":[{"href":"https:\/\/hispa2021.event.miross.rs\/en\/wp-json\/wp\/v2\/types\/page"}],"author":[{"embeddable":true,"href":"https:\/\/hispa2021.event.miross.rs\/en\/wp-json\/wp\/v2\/users\/3"}],"replies":[{"embeddable":true,"href":"https:\/\/hispa2021.event.miross.rs\/en\/wp-json\/wp\/v2\/comments?post=2980"}],"version-history":[{"count":58,"href":"https:\/\/hispa2021.event.miross.rs\/en\/wp-json\/wp\/v2\/pages\/2980\/revisions"}],"predecessor-version":[{"id":3044,"href":"https:\/\/hispa2021.event.miross.rs\/en\/wp-json\/wp\/v2\/pages\/2980\/revisions\/3044"}],"wp:attachment":[{"href":"https:\/\/hispa2021.event.miross.rs\/en\/wp-json\/wp\/v2\/media?parent=2980"}],"curies":[{"name":"wp","href":"https:\/\/api.w.org\/{rel}","templated":true}]}}