{"id":4460,"date":"2021-02-21T12:31:24","date_gmt":"2021-02-21T12:31:24","guid":{"rendered":"https:\/\/hispa2021.event.miross.rs\/?page_id=4460"},"modified":"2021-03-05T09:46:14","modified_gmt":"2021-03-05T09:46:14","slug":"kme-activity","status":"publish","type":"page","link":"https:\/\/hispa2021.event.miross.rs\/en\/kme-activity\/","title":{"rendered":"KME-ACTIVITY"},"content":{"rendered":"<div data-elementor-type=\"wp-page\" data-elementor-id=\"4460\" class=\"elementor elementor-4460\">\n\t\t\t\t\t\t<div class=\"elementor-inner\">\n\t\t\t\t<div class=\"elementor-section-wrap\">\n\t\t\t\t\t\t\t\t\t<section class=\"elementor-section elementor-top-section elementor-element elementor-element-ca06160 elementor-section-boxed elementor-section-height-default elementor-section-height-default\" data-id=\"ca06160\" data-element_type=\"section\">\n\t\t\t\t\t\t<div class=\"elementor-container elementor-column-gap-default\">\n\t\t\t\t\t\t\t<div class=\"elementor-row\">\n\t\t\t\t\t<div class=\"elementor-column elementor-col-100 elementor-top-column elementor-element elementor-element-0701caa\" data-id=\"0701caa\" data-element_type=\"column\">\n\t\t\t<div class=\"elementor-column-wrap elementor-element-populated\">\n\t\t\t\t\t\t\t<div class=\"elementor-widget-wrap\">\n\t\t\t\t\t\t<div class=\"elementor-element elementor-element-b60230b elementor-widget elementor-widget-spacer\" data-id=\"b60230b\" data-element_type=\"widget\" data-widget_type=\"spacer.default\">\n\t\t\t\t<div class=\"elementor-widget-container\">\n\t\t\t\t\t<div class=\"elementor-spacer\">\n\t\t\t<div class=\"elementor-spacer-inner\"><\/div>\n\t\t<\/div>\n\t\t\t\t<\/div>\n\t\t\t\t<\/div>\n\t\t\t\t<div class=\"elementor-element elementor-element-eaa1550 eael-infobox-content-align-center eael-infobox-icon-bg-shape-none eael-infobox-icon-hover-bg-shape-none elementor-widget elementor-widget-eael-info-box\" data-id=\"eaa1550\" data-element_type=\"widget\" data-widget_type=\"eael-info-box.default\">\n\t\t\t\t<div class=\"elementor-widget-container\">\n\t\t\t                    <div class=\"eael-infobox\">\n                    <div class=\"infobox-icon eael-icon-only\">\n\n            \n                            <div class=\"infobox-icon-wrap\">\n                    <i class=\"fas fa-info-circle\"><\/i>                <\/div>\n            \n            \n        <\/div>\n            <div class=\"infobox-content eael-icon-only\">\n                            <h3 class=\"title\">Odlukom rukovodstva HISPA<\/h3>\n                                                                        <p><h2>Svim lekarima I farmaceutima u\u010desnicima kongresa ,, HISPA- put ka zdravoj budu\u0107nosti\u201d<\/h2><h4>Omogu\u0107eno je besplatno u\u010de\u0161\u0107e na teku\u0107im KME edukativnim elektrionskim testovima\u201d.<\/h4><\/p>\n                                                                            <\/div>\n    <\/div>\t\t<\/div>\n\t\t\t\t<\/div>\n\t\t\t\t<div class=\"elementor-element elementor-element-d687efe elementor-align-center elementor-widget elementor-widget-button\" data-id=\"d687efe\" data-element_type=\"widget\" data-widget_type=\"button.default\">\n\t\t\t\t<div class=\"elementor-widget-container\">\n\t\t\t\t\t<div class=\"elementor-button-wrapper\">\n\t\t\t<a href=\"https:\/\/www.dropbox.com\/sh\/26uz1o2jjtzh00y\/AADAFwMGTEecAjDZoqn773HQa?dl=0\" target=\"_blank\" class=\"elementor-button-link elementor-button elementor-size-md\" role=\"button\">\n\t\t\t\t\t\t<span class=\"elementor-button-content-wrapper\">\n\t\t\t\t\t\t<span class=\"elementor-button-text\">ALIXIR I HIMEKROMON PREDAVANJA<\/span>\n\t\t<\/span>\n\t\t\t\t\t<\/a>\n\t\t<\/div>\n\t\t\t\t<\/div>\n\t\t\t\t<\/div>\n\t\t\t\t<div class=\"elementor-element elementor-element-7ccef29 elementor-align-center elementor-widget elementor-widget-button\" data-id=\"7ccef29\" data-element_type=\"widget\" data-widget_type=\"button.default\">\n\t\t\t\t<div class=\"elementor-widget-container\">\n\t\t\t\t\t<div class=\"elementor-button-wrapper\">\n\t\t\t<a href=\"https:\/\/www.hispa.rs\/kontinuirana-medicinska-edukacija\" target=\"_blank\" class=\"elementor-button-link elementor-button elementor-size-md\" role=\"button\">\n\t\t\t\t\t\t<span class=\"elementor-button-content-wrapper\">\n\t\t\t\t\t\t<span class=\"elementor-button-text\">KME AKTIVNOSTI<\/span>\n\t\t<\/span>\n\t\t\t\t\t<\/a>\n\t\t<\/div>\n\t\t\t\t<\/div>\n\t\t\t\t<\/div>\n\t\t\t\t\t\t<\/div>\n\t\t\t\t\t<\/div>\n\t\t<\/div>\n\t\t\t\t\t\t\t\t<\/div>\n\t\t\t\t\t<\/div>\n\t\t<\/section>\n\t\t\t\t\t\t\t\t\t<\/div>\n\t\t\t<\/div>\n\t\t\t\t\t<\/div>","protected":false},"excerpt":{"rendered":"<p>Odlukom rukovodstva HISPA Svim lekarima I farmaceutima u\u010desnicima kongresa ,, HISPA- put ka zdravoj budu\u0107nosti\u201d Omogu\u0107eno je besplatno u\u010de\u0161\u0107e na teku\u0107im KME edukativnim elektrionskim testovima\u201d. ALIXIR I HIMEKROMON PREDAVANJA KME AKTIVNOSTI<\/p>","protected":false},"author":3,"featured_media":0,"parent":0,"menu_order":0,"comment_status":"closed","ping_status":"closed","template":"elementor_canvas","meta":[],"_links":{"self":[{"href":"https:\/\/hispa2021.event.miross.rs\/en\/wp-json\/wp\/v2\/pages\/4460"}],"collection":[{"href":"https:\/\/hispa2021.event.miross.rs\/en\/wp-json\/wp\/v2\/pages"}],"about":[{"href":"https:\/\/hispa2021.event.miross.rs\/en\/wp-json\/wp\/v2\/types\/page"}],"author":[{"embeddable":true,"href":"https:\/\/hispa2021.event.miross.rs\/en\/wp-json\/wp\/v2\/users\/3"}],"replies":[{"embeddable":true,"href":"https:\/\/hispa2021.event.miross.rs\/en\/wp-json\/wp\/v2\/comments?post=4460"}],"version-history":[{"count":37,"href":"https:\/\/hispa2021.event.miross.rs\/en\/wp-json\/wp\/v2\/pages\/4460\/revisions"}],"predecessor-version":[{"id":4973,"href":"https:\/\/hispa2021.event.miross.rs\/en\/wp-json\/wp\/v2\/pages\/4460\/revisions\/4973"}],"wp:attachment":[{"href":"https:\/\/hispa2021.event.miross.rs\/en\/wp-json\/wp\/v2\/media?parent=4460"}],"curies":[{"name":"wp","href":"https:\/\/api.w.org\/{rel}","templated":true}]}}